{"id":3114,"date":"2025-04-15T03:14:34","date_gmt":"2025-04-15T03:14:34","guid":{"rendered":"https:\/\/hosterialasquintas.com.mx\/?page_id=3114"},"modified":"2025-05-05T22:19:13","modified_gmt":"2025-05-05T22:19:13","slug":"resenas","status":"publish","type":"page","link":"https:\/\/hosterialasquintas.com.mx\/english\/resenas\/","title":{"rendered":"Rese\u00f1as"},"content":{"rendered":"<div data-elementor-type=\"wp-page\" data-elementor-id=\"3114\" class=\"elementor elementor-3114\" data-elementor-post-type=\"page\">\n\t\t\t\t\t\t<section class=\"has_eae_slider elementor-section elementor-top-section elementor-element elementor-element-51b883a elementor-section-height-min-height cs-section-content-fullwidth cs-parallax-on-scroll cs_scroll_y_100 elementor-section-boxed elementor-section-height-default elementor-section-items-middle\" data-eae-slider=\"89311\" data-id=\"51b883a\" data-element_type=\"section\" data-settings=\"{&quot;background_background&quot;:&quot;classic&quot;}\" data-cs-parallax-y=\"100\" style=\"background-image: none;\" data-cs-background-image=\"https:\/\/hosterialasquintas.com.mx\/wp-content\/uploads\/2023\/03\/ambiente1-scaled.jpg\">\n\t\t\t\t\t\t\t<div class=\"elementor-background-overlay\"><\/div>\n\t\t\t\t\t\t\t<div class=\"elementor-container elementor-column-gap-no\">\n\t\t\t\t\t<div class=\"has_eae_slider elementor-column elementor-col-100 elementor-top-column elementor-element elementor-element-f8603f5 dark-color\" data-eae-slider=\"59002\" data-id=\"f8603f5\" data-element_type=\"column\">\n\t\t\t<div class=\"elementor-widget-wrap elementor-element-populated\">\n\t\t\t\t\t\t<div class=\"elementor-element elementor-element-5638ee6 elementor-widget elementor-widget-cs_title\" data-id=\"5638ee6\" data-element_type=\"widget\" data-widget_type=\"cs_title.default\">\n\t\t\t\t<div class=\"elementor-widget-container\">\n\t\t\t\t\t\n        <div class=\"cs-title-wrap text-center\">\t            <div class=\"cs-subtitle-wrap\"><span class=\"cs-subtitle color-white\">lo que opinan nuestros huespedes<\/span><\/div>\t            <h1 class=\"cs-title\">\n\t                Rese\u00f1as\t            <\/h1>        <\/div>\t\t\t\t<\/div>\n\t\t\t\t<\/div>\n\t\t\t\t\t<\/div>\n\t\t<\/div>\n\t\t\t\t\t<\/div>\n\t\t<\/section>\n\t\t\t\t<section class=\"has_eae_slider elementor-section elementor-top-section elementor-element elementor-element-4d98f40 elementor-section-boxed elementor-section-height-default elementor-section-height-default\" data-eae-slider=\"59968\" data-id=\"4d98f40\" data-element_type=\"section\">\n\t\t\t\t\t\t<div class=\"elementor-container elementor-column-gap-no\">\n\t\t\t\t\t<div class=\"has_eae_slider elementor-column elementor-col-100 elementor-top-column elementor-element elementor-element-a58b2d7\" data-eae-slider=\"47688\" data-id=\"a58b2d7\" data-element_type=\"column\">\n\t\t\t<div class=\"elementor-widget-wrap elementor-element-populated\">\n\t\t\t\t\t\t<div class=\"elementor-element elementor-element-29f3513 elementor-widget elementor-widget-html\" data-id=\"29f3513\" data-element_type=\"widget\" data-widget_type=\"html.default\">\n\t\t\t\t<div class=\"elementor-widget-container\">\n\t\t\t\t\t<script defer async src='https:\/\/cdn.trustindex.io\/loader.js?f3a8e7345c1f0406276658a2f04'><\/script>\t\t\t\t<\/div>\n\t\t\t\t<\/div>\n\t\t\t\t\t<\/div>\n\t\t<\/div>\n\t\t\t\t\t<\/div>\n\t\t<\/section>\n\t\t\t\t<\/div>","protected":false},"excerpt":{"rendered":"<p>lo que opinan nuestros huespedes Rese\u00f1as<\/p>","protected":false},"author":1,"featured_media":0,"parent":0,"menu_order":0,"comment_status":"closed","ping_status":"closed","template":"template-wide-content.php","meta":{"cozystay_single_page_hide_site_header":"","cozystay_single_page_site_header_source":"","cozystay_single_page_custom_site_header":"0","cozystay_single_page_custom_sticky_site_header":"0","cozystay_single_page_hide_page_title":"on","cozystay_single_page_header_section_size":"","cozystay_single_page_header_background_color":"","cozystay_single_page_header_background_position_x":"center","cozystay_single_page_header_background_position_y":"center","cozystay_single_page_header_background_size":"cover","cozystay_single_page_header_background_repeat":"off","cozystay_single_page_header_background_scroll":"on","cozystay_single_page_header_text_color":"","cozystay_single_page_header_show_breadcrumb":"","cozystay_single_page_site_footer_hide_main":"","cozystay_single_custom_site_footer_main_source":"","cozystay_single_custom_site_footer_main":"0","cozystay_single_page_site_footer_hide_above":"","cozystay_single_custom_site_footer_above_source":"","cozystay_single_custom_site_footer_above":"0","cozystay_single_page_site_footer_hide_instagram":"","cozystay_single_page_site_footer_hide_bottom":"","cozystay_single_custom_mobile_menu_source":"","cozystay_single_custom_mobile_menu":"0","cozystay_single_custom_mobile_menu_animation":"","cozystay_single_custom_mobile_menu_width":"","cozystay_single_custom_mobile_menu_custom_width":375,"_joinchat":[],"footnotes":""},"class_list":["post-3114","page","type-page","status-publish","hentry"],"yoast_head":"<!-- This site is optimized with the Yoast SEO plugin v24.3 - https:\/\/yoast.com\/wordpress\/plugins\/seo\/ -->\n<title>Rese\u00f1as - Hoster\u00eda Las Quintas Cuernavaca<\/title>\n<meta name=\"robots\" content=\"index, follow, max-snippet:-1, max-image-preview:large, max-video-preview:-1\" \/>\n<link rel=\"canonical\" href=\"https:\/\/hosterialasquintas.com.mx\/english\/resenas\/\" \/>\n<meta property=\"og:locale\" content=\"en_US\" \/>\n<meta property=\"og:type\" content=\"article\" \/>\n<meta property=\"og:title\" content=\"Rese\u00f1as - Hoster\u00eda Las Quintas Cuernavaca\" \/>\n<meta property=\"og:description\" content=\"lo que opinan nuestros huespedes Rese\u00f1as\" \/>\n<meta property=\"og:url\" content=\"https:\/\/hosterialasquintas.com.mx\/english\/resenas\/\" \/>\n<meta property=\"og:site_name\" content=\"Hoster\u00eda Las Quintas Cuernavaca\" \/>\n<meta property=\"article:modified_time\" content=\"2025-05-05T22:19:13+00:00\" \/>\n<meta name=\"twitter:card\" content=\"summary_large_image\" \/>\n<meta name=\"twitter:label1\" content=\"Est. reading time\" \/>\n\t<meta name=\"twitter:data1\" content=\"172 minutes\" \/>\n<script type=\"application\/ld+json\" class=\"yoast-schema-graph\">{\"@context\":\"https:\/\/schema.org\",\"@graph\":[{\"@type\":\"WebPage\",\"@id\":\"https:\/\/hosterialasquintas.com.mx\/espanol\/resenas\/\",\"url\":\"https:\/\/hosterialasquintas.com.mx\/espanol\/resenas\/\",\"name\":\"Rese\u00f1as - Hoster\u00eda Las Quintas Cuernavaca\",\"isPartOf\":{\"@id\":\"https:\/\/hosterialasquintas.com.mx\/#website\"},\"datePublished\":\"2025-04-15T03:14:34+00:00\",\"dateModified\":\"2025-05-05T22:19:13+00:00\",\"breadcrumb\":{\"@id\":\"https:\/\/hosterialasquintas.com.mx\/espanol\/resenas\/#breadcrumb\"},\"inLanguage\":\"en-US\",\"potentialAction\":[{\"@type\":\"ReadAction\",\"target\":[\"https:\/\/hosterialasquintas.com.mx\/espanol\/resenas\/\"]}]},{\"@type\":\"BreadcrumbList\",\"@id\":\"https:\/\/hosterialasquintas.com.mx\/espanol\/resenas\/#breadcrumb\",\"itemListElement\":[{\"@type\":\"ListItem\",\"position\":1,\"name\":\"Home\",\"item\":\"https:\/\/hosterialasquintas.com.mx\/\"},{\"@type\":\"ListItem\",\"position\":2,\"name\":\"Rese\u00f1as\"}]},{\"@type\":\"WebSite\",\"@id\":\"https:\/\/hosterialasquintas.com.mx\/#website\",\"url\":\"https:\/\/hosterialasquintas.com.mx\/\",\"name\":\"Hoster\u00eda Las Quintas Cuernavaca\",\"description\":\"\",\"publisher\":{\"@id\":\"https:\/\/hosterialasquintas.com.mx\/#organization\"},\"potentialAction\":[{\"@type\":\"SearchAction\",\"target\":{\"@type\":\"EntryPoint\",\"urlTemplate\":\"https:\/\/hosterialasquintas.com.mx\/?s={search_term_string}\"},\"query-input\":{\"@type\":\"PropertyValueSpecification\",\"valueRequired\":true,\"valueName\":\"search_term_string\"}}],\"inLanguage\":\"en-US\"},{\"@type\":\"Organization\",\"@id\":\"https:\/\/hosterialasquintas.com.mx\/#organization\",\"name\":\"Hoster\u00eda Las Quintas Cuernavaca\",\"url\":\"https:\/\/hosterialasquintas.com.mx\/\",\"logo\":{\"@type\":\"ImageObject\",\"inLanguage\":\"en-US\",\"@id\":\"https:\/\/hosterialasquintas.com.mx\/#\/schema\/logo\/image\/\",\"url\":\"https:\/\/hosterialasquintas.com.mx\/wp-content\/uploads\/2025\/04\/cropped-logo.png\",\"contentUrl\":\"https:\/\/hosterialasquintas.com.mx\/wp-content\/uploads\/2025\/04\/cropped-logo.png\",\"width\":507,\"height\":280,\"caption\":\"Hoster\u00eda Las Quintas Cuernavaca\"},\"image\":{\"@id\":\"https:\/\/hosterialasquintas.com.mx\/#\/schema\/logo\/image\/\"}}]}<\/script>\n<!-- \/ Yoast SEO plugin. -->","yoast_head_json":{"title":"Rese\u00f1as - Hoster\u00eda Las Quintas Cuernavaca","robots":{"index":"index","follow":"follow","max-snippet":"max-snippet:-1","max-image-preview":"max-image-preview:large","max-video-preview":"max-video-preview:-1"},"canonical":"https:\/\/hosterialasquintas.com.mx\/english\/resenas\/","og_locale":"en_US","og_type":"article","og_title":"Rese\u00f1as - Hoster\u00eda Las Quintas Cuernavaca","og_description":"lo que opinan nuestros huespedes Rese\u00f1as","og_url":"https:\/\/hosterialasquintas.com.mx\/english\/resenas\/","og_site_name":"Hoster\u00eda Las Quintas Cuernavaca","article_modified_time":"2025-05-05T22:19:13+00:00","twitter_card":"summary_large_image","twitter_misc":{"Est. reading time":"172 minutes"},"schema":{"@context":"https:\/\/schema.org","@graph":[{"@type":"WebPage","@id":"https:\/\/hosterialasquintas.com.mx\/espanol\/resenas\/","url":"https:\/\/hosterialasquintas.com.mx\/espanol\/resenas\/","name":"Rese\u00f1as - Hoster\u00eda Las Quintas Cuernavaca","isPartOf":{"@id":"https:\/\/hosterialasquintas.com.mx\/#website"},"datePublished":"2025-04-15T03:14:34+00:00","dateModified":"2025-05-05T22:19:13+00:00","breadcrumb":{"@id":"https:\/\/hosterialasquintas.com.mx\/espanol\/resenas\/#breadcrumb"},"inLanguage":"en-US","potentialAction":[{"@type":"ReadAction","target":["https:\/\/hosterialasquintas.com.mx\/espanol\/resenas\/"]}]},{"@type":"BreadcrumbList","@id":"https:\/\/hosterialasquintas.com.mx\/espanol\/resenas\/#breadcrumb","itemListElement":[{"@type":"ListItem","position":1,"name":"Home","item":"https:\/\/hosterialasquintas.com.mx\/"},{"@type":"ListItem","position":2,"name":"Rese\u00f1as"}]},{"@type":"WebSite","@id":"https:\/\/hosterialasquintas.com.mx\/#website","url":"https:\/\/hosterialasquintas.com.mx\/","name":"Hoster\u00eda Las Quintas Cuernavaca","description":"","publisher":{"@id":"https:\/\/hosterialasquintas.com.mx\/#organization"},"potentialAction":[{"@type":"SearchAction","target":{"@type":"EntryPoint","urlTemplate":"https:\/\/hosterialasquintas.com.mx\/?s={search_term_string}"},"query-input":{"@type":"PropertyValueSpecification","valueRequired":true,"valueName":"search_term_string"}}],"inLanguage":"en-US"},{"@type":"Organization","@id":"https:\/\/hosterialasquintas.com.mx\/#organization","name":"Hoster\u00eda Las Quintas Cuernavaca","url":"https:\/\/hosterialasquintas.com.mx\/","logo":{"@type":"ImageObject","inLanguage":"en-US","@id":"https:\/\/hosterialasquintas.com.mx\/#\/schema\/logo\/image\/","url":"https:\/\/hosterialasquintas.com.mx\/wp-content\/uploads\/2025\/04\/cropped-logo.png","contentUrl":"https:\/\/hosterialasquintas.com.mx\/wp-content\/uploads\/2025\/04\/cropped-logo.png","width":507,"height":280,"caption":"Hoster\u00eda Las Quintas Cuernavaca"},"image":{"@id":"https:\/\/hosterialasquintas.com.mx\/#\/schema\/logo\/image\/"}}]}},"_links":{"self":[{"href":"https:\/\/hosterialasquintas.com.mx\/english\/wp-json\/wp\/v2\/pages\/3114","targetHints":{"allow":["GET"]}}],"collection":[{"href":"https:\/\/hosterialasquintas.com.mx\/english\/wp-json\/wp\/v2\/pages"}],"about":[{"href":"https:\/\/hosterialasquintas.com.mx\/english\/wp-json\/wp\/v2\/types\/page"}],"author":[{"embeddable":true,"href":"https:\/\/hosterialasquintas.com.mx\/english\/wp-json\/wp\/v2\/users\/1"}],"replies":[{"embeddable":true,"href":"https:\/\/hosterialasquintas.com.mx\/english\/wp-json\/wp\/v2\/comments?post=3114"}],"version-history":[{"count":19,"href":"https:\/\/hosterialasquintas.com.mx\/english\/wp-json\/wp\/v2\/pages\/3114\/revisions"}],"predecessor-version":[{"id":3652,"href":"https:\/\/hosterialasquintas.com.mx\/english\/wp-json\/wp\/v2\/pages\/3114\/revisions\/3652"}],"wp:attachment":[{"href":"https:\/\/hosterialasquintas.com.mx\/english\/wp-json\/wp\/v2\/media?parent=3114"}],"curies":[{"name":"wp","href":"https:\/\/api.w.org\/{rel}","templated":true}]}}