{"id":3639,"date":"2025-05-05T20:29:38","date_gmt":"2025-05-05T20:29:38","guid":{"rendered":"https:\/\/hosterialasquintas.com.mx\/?page_id=3639"},"modified":"2025-09-22T18:02:04","modified_gmt":"2025-09-22T18:02:04","slug":"contacto","status":"publish","type":"page","link":"https:\/\/hosterialasquintas.com.mx\/english\/contacto\/","title":{"rendered":"Contacto"},"content":{"rendered":"<div data-elementor-type=\"wp-page\" data-elementor-id=\"3639\" class=\"elementor elementor-3639\" data-elementor-post-type=\"page\">\n\t\t\t\t\t\t<section class=\"has_eae_slider elementor-section elementor-top-section elementor-element elementor-element-ca1656d elementor-section-height-min-height cs-section-content-fullwidth cs-parallax-on-scroll cs_scroll_y_100 elementor-section-boxed elementor-section-height-default elementor-section-items-middle\" data-eae-slider=\"57684\" data-id=\"ca1656d\" data-element_type=\"section\" data-settings=\"{&quot;background_background&quot;:&quot;classic&quot;}\" data-cs-parallax-y=\"100\" style=\"background-image: none;\" data-cs-background-image=\"https:\/\/hosterialasquintas.com.mx\/wp-content\/uploads\/2023\/05\/IMG_6344.png\">\n\t\t\t\t\t\t\t<div class=\"elementor-background-overlay\"><\/div>\n\t\t\t\t\t\t\t<div class=\"elementor-container elementor-column-gap-no\">\n\t\t\t\t\t<div class=\"has_eae_slider elementor-column elementor-col-100 elementor-top-column elementor-element elementor-element-6b2c1df dark-color\" data-eae-slider=\"36187\" data-id=\"6b2c1df\" data-element_type=\"column\">\n\t\t\t<div class=\"elementor-widget-wrap elementor-element-populated\">\n\t\t\t\t\t\t<div class=\"elementor-element elementor-element-ed3f97e elementor-widget elementor-widget-cs_title\" data-id=\"ed3f97e\" data-element_type=\"widget\" data-widget_type=\"cs_title.default\">\n\t\t\t\t<div class=\"elementor-widget-container\">\n\t\t\t\t\t\n        <div class=\"cs-title-wrap text-center\">\t            <div class=\"cs-subtitle-wrap\"><span class=\"cs-subtitle color-white\">Contacto<\/span><\/div>\t            <h1 class=\"cs-title\">\n\t                Conectemos para crear juntos\t            <\/h1>\t            <div class=\"cs-title-text\">\n\t                <p>Cont\u00e1ctanos para hospedaje, restaurante, convenciones o eventos sociales.\u00a0\u00a0<\/p>\t            <\/div>        <\/div>\t\t\t\t<\/div>\n\t\t\t\t<\/div>\n\t\t\t\t\t<\/div>\n\t\t<\/div>\n\t\t\t\t\t<\/div>\n\t\t<\/section>\n\t\t\t\t<section class=\"has_eae_slider elementor-section elementor-top-section elementor-element elementor-element-ac9ba41 elementor-section-full_width elementor-section-content-middle elementor-section-height-default elementor-section-height-default\" data-eae-slider=\"83071\" data-id=\"ac9ba41\" data-element_type=\"section\">\n\t\t\t\t\t\t<div class=\"elementor-container elementor-column-gap-no\">\n\t\t\t\t\t<div class=\"has_eae_slider elementor-column elementor-col-50 elementor-top-column elementor-element elementor-element-a630739\" data-eae-slider=\"86449\" data-id=\"a630739\" data-element_type=\"column\" data-settings=\"{&quot;background_background&quot;:&quot;classic&quot;}\">\n\t\t\t<div class=\"elementor-widget-wrap elementor-element-populated\">\n\t\t\t\t\t\t<section class=\"has_eae_slider elementor-section elementor-inner-section elementor-element elementor-element-1165b93 elementor-section-boxed elementor-section-height-default elementor-section-height-default\" data-eae-slider=\"7552\" data-id=\"1165b93\" data-element_type=\"section\" data-settings=\"{&quot;background_background&quot;:&quot;classic&quot;}\">\n\t\t\t\t\t\t<div class=\"elementor-container elementor-column-gap-no\">\n\t\t\t\t\t<div class=\"has_eae_slider elementor-column elementor-col-100 elementor-inner-column elementor-element elementor-element-c8421f3\" data-eae-slider=\"44663\" data-id=\"c8421f3\" data-element_type=\"column\">\n\t\t\t<div class=\"elementor-widget-wrap elementor-element-populated\">\n\t\t\t\t\t\t<div class=\"elementor-element elementor-element-ee636a2 elementor-widget elementor-widget-cs_title\" data-id=\"ee636a2\" data-element_type=\"widget\" data-widget_type=\"cs_title.default\">\n\t\t\t\t<div class=\"elementor-widget-container\">\n\t\t\t\t\t\n        <div class=\"cs-title-wrap text-center\">\t            <div class=\"cs-subtitle-wrap\"><span class=\"cs-subtitle\">Formulario de contacto<\/span><\/div>\t            <h5 class=\"cs-title\">\n\t                Estamos cerca de ti\t            <\/h5>        <\/div>\t\t\t\t<\/div>\n\t\t\t\t<\/div>\n\t\t\t\t<div class=\"elementor-element elementor-element-0c09f3e elementor-widget elementor-widget-html\" data-id=\"0c09f3e\" data-element_type=\"widget\" data-widget_type=\"html.default\">\n\t\t\t\t<div class=\"elementor-widget-container\">\n\t\t\t\t\t<script charset=\"utf-8\" type=\"text\/javascript\" src=\"\/\/js.hsforms.net\/forms\/embed\/v2.js\"><\/script>\n<script>\n  hbspt.forms.create({\n    portalId: \"49710410\",\n    formId: \"f474940e-8af8-4a64-9078-4e647a4db801\",\n    region: \"na1\"\n  });\n<\/script>\t\t\t\t<\/div>\n\t\t\t\t<\/div>\n\t\t\t\t\t<\/div>\n\t\t<\/div>\n\t\t\t\t\t<\/div>\n\t\t<\/section>\n\t\t\t\t\t<\/div>\n\t\t<\/div>\n\t\t\t\t<div class=\"has_eae_slider elementor-column elementor-col-50 elementor-top-column elementor-element elementor-element-a9f3bc2\" data-eae-slider=\"64274\" data-id=\"a9f3bc2\" data-element_type=\"column\">\n\t\t\t<div class=\"elementor-widget-wrap elementor-element-populated\">\n\t\t\t\t\t\t<div class=\"elementor-element elementor-element-d6a0979 elementor-widget elementor-widget-cs_title\" data-id=\"d6a0979\" data-element_type=\"widget\" data-widget_type=\"cs_title.default\">\n\t\t\t\t<div class=\"elementor-widget-container\">\n\t\t\t\t\t\n        <div class=\"cs-title-wrap\">\t            <div class=\"cs-subtitle-wrap\"><span class=\"cs-subtitle\">contact information<\/span><\/div>\t            <h5 class=\"cs-title\">\n\t                Hoster\u00eda Las Quintas\t            <\/h5>\t            <div class=\"cs-title-text\">\n\t                <p><span style=\"font-weight: bolder;\">Address:<\/span>&nbsp;Boulevard Diaz Ordaz N\u00ba 9 Cantarranas 62448 Cuernavaca Morelos.<\/p>\n<p><strong>Tel\u00e9fono:<\/strong> <a href=\"tel:7773623949\">+52 777 362 3949<\/a><\/p>\n<p><strong>Email:<\/strong> <a href=\"mailto:reservas@hosterialasquintas.com.mx\">reservas@hosterialasquintas.com.mx&nbsp;<\/a><\/p>\t            <\/div>        <\/div>\t\t\t\t<\/div>\n\t\t\t\t<\/div>\n\t\t\t\t<div class=\"elementor-element elementor-element-27ae3a6 elementor-widget-divider--view-line elementor-widget elementor-widget-divider\" data-id=\"27ae3a6\" data-element_type=\"widget\" data-widget_type=\"divider.default\">\n\t\t\t\t<div class=\"elementor-widget-container\">\n\t\t\t\t\t\t\t<div class=\"elementor-divider\">\n\t\t\t<span class=\"elementor-divider-separator\">\n\t\t\t\t\t\t<\/span>\n\t\t<\/div>\n\t\t\t\t\t\t<\/div>\n\t\t\t\t<\/div>\n\t\t\t\t\t<\/div>\n\t\t<\/div>\n\t\t\t\t\t<\/div>\n\t\t<\/section>\n\t\t\t\t<\/div>","protected":false},"excerpt":{"rendered":"<p>Contacto Conectemos para crear juntos Cont\u00e1ctanos para hospedaje, restaurante, convenciones o eventos sociales.\u00a0\u00a0 Formulario de contacto Estamos cerca de ti informaci\u00f3n de cont\u00e1cto Hoster\u00eda Las Quintas Direcci\u00f3n:&nbsp;Boulevard Diaz Ordaz N\u00ba 9 Cantarranas 62448 Cuernavaca Morelos. Tel\u00e9fono: +52 777 362 3949 Email: reservas@hosterialasquintas.com.mx&nbsp;<\/p>","protected":false},"author":1,"featured_media":0,"parent":0,"menu_order":0,"comment_status":"closed","ping_status":"closed","template":"template-wide-content.php","meta":{"cozystay_single_page_hide_site_header":"","cozystay_single_page_site_header_source":"","cozystay_single_page_custom_site_header":"0","cozystay_single_page_custom_sticky_site_header":"0","cozystay_single_page_hide_page_title":"on","cozystay_single_page_header_section_size":"","cozystay_single_page_header_background_color":"","cozystay_single_page_header_background_position_x":"center","cozystay_single_page_header_background_position_y":"center","cozystay_single_page_header_background_size":"cover","cozystay_single_page_header_background_repeat":"off","cozystay_single_page_header_background_scroll":"on","cozystay_single_page_header_text_color":"","cozystay_single_page_header_show_breadcrumb":"","cozystay_single_page_site_footer_hide_main":"","cozystay_single_custom_site_footer_main_source":"","cozystay_single_custom_site_footer_main":"0","cozystay_single_page_site_footer_hide_above":"","cozystay_single_custom_site_footer_above_source":"","cozystay_single_custom_site_footer_above":"0","cozystay_single_page_site_footer_hide_instagram":"","cozystay_single_page_site_footer_hide_bottom":"","cozystay_single_custom_mobile_menu_source":"","cozystay_single_custom_mobile_menu":"0","cozystay_single_custom_mobile_menu_animation":"","cozystay_single_custom_mobile_menu_width":"","cozystay_single_custom_mobile_menu_custom_width":375,"_joinchat":[],"footnotes":""},"class_list":["post-3639","page","type-page","status-publish","hentry"],"yoast_head":"<!-- This site is optimized with the Yoast SEO plugin v24.3 - https:\/\/yoast.com\/wordpress\/plugins\/seo\/ -->\n<title>Contacto - Hoster\u00eda Las Quintas Cuernavaca<\/title>\n<meta name=\"robots\" content=\"index, follow, max-snippet:-1, max-image-preview:large, max-video-preview:-1\" \/>\n<link rel=\"canonical\" href=\"https:\/\/hosterialasquintas.com.mx\/english\/contacto\/\" \/>\n<meta property=\"og:locale\" content=\"en_US\" \/>\n<meta property=\"og:type\" content=\"article\" \/>\n<meta property=\"og:title\" content=\"Contacto - Hoster\u00eda Las Quintas Cuernavaca\" \/>\n<meta property=\"og:description\" content=\"Contacto Conectemos para crear juntos Cont\u00e1ctanos para hospedaje, restaurante, convenciones o eventos sociales.\u00a0\u00a0 Formulario de contacto Estamos cerca de ti informaci\u00f3n de cont\u00e1cto Hoster\u00eda Las Quintas Direcci\u00f3n:&nbsp;Boulevard Diaz Ordaz N\u00ba 9 Cantarranas 62448 Cuernavaca Morelos. Tel\u00e9fono: +52 777 362 3949 Email: reservas@hosterialasquintas.com.mx&nbsp;\" \/>\n<meta property=\"og:url\" content=\"https:\/\/hosterialasquintas.com.mx\/english\/contacto\/\" \/>\n<meta property=\"og:site_name\" content=\"Hoster\u00eda Las Quintas Cuernavaca\" \/>\n<meta property=\"article:modified_time\" content=\"2025-09-22T18:02:04+00:00\" \/>\n<meta name=\"twitter:card\" content=\"summary_large_image\" \/>\n<meta name=\"twitter:label1\" content=\"Est. reading time\" \/>\n\t<meta name=\"twitter:data1\" content=\"1 minute\" \/>\n<script type=\"application\/ld+json\" class=\"yoast-schema-graph\">{\"@context\":\"https:\/\/schema.org\",\"@graph\":[{\"@type\":\"WebPage\",\"@id\":\"https:\/\/hosterialasquintas.com.mx\/contacto\/\",\"url\":\"https:\/\/hosterialasquintas.com.mx\/contacto\/\",\"name\":\"Contacto - Hoster\u00eda Las Quintas Cuernavaca\",\"isPartOf\":{\"@id\":\"https:\/\/hosterialasquintas.com.mx\/#website\"},\"datePublished\":\"2025-05-05T20:29:38+00:00\",\"dateModified\":\"2025-09-22T18:02:04+00:00\",\"breadcrumb\":{\"@id\":\"https:\/\/hosterialasquintas.com.mx\/contacto\/#breadcrumb\"},\"inLanguage\":\"en-US\",\"potentialAction\":[{\"@type\":\"ReadAction\",\"target\":[\"https:\/\/hosterialasquintas.com.mx\/contacto\/\"]}]},{\"@type\":\"BreadcrumbList\",\"@id\":\"https:\/\/hosterialasquintas.com.mx\/contacto\/#breadcrumb\",\"itemListElement\":[{\"@type\":\"ListItem\",\"position\":1,\"name\":\"Home\",\"item\":\"https:\/\/hosterialasquintas.com.mx\/\"},{\"@type\":\"ListItem\",\"position\":2,\"name\":\"Contacto\"}]},{\"@type\":\"WebSite\",\"@id\":\"https:\/\/hosterialasquintas.com.mx\/#website\",\"url\":\"https:\/\/hosterialasquintas.com.mx\/\",\"name\":\"Hoster\u00eda Las Quintas Cuernavaca\",\"description\":\"\",\"publisher\":{\"@id\":\"https:\/\/hosterialasquintas.com.mx\/#organization\"},\"potentialAction\":[{\"@type\":\"SearchAction\",\"target\":{\"@type\":\"EntryPoint\",\"urlTemplate\":\"https:\/\/hosterialasquintas.com.mx\/?s={search_term_string}\"},\"query-input\":{\"@type\":\"PropertyValueSpecification\",\"valueRequired\":true,\"valueName\":\"search_term_string\"}}],\"inLanguage\":\"en-US\"},{\"@type\":\"Organization\",\"@id\":\"https:\/\/hosterialasquintas.com.mx\/#organization\",\"name\":\"Hoster\u00eda Las Quintas Cuernavaca\",\"url\":\"https:\/\/hosterialasquintas.com.mx\/\",\"logo\":{\"@type\":\"ImageObject\",\"inLanguage\":\"en-US\",\"@id\":\"https:\/\/hosterialasquintas.com.mx\/#\/schema\/logo\/image\/\",\"url\":\"https:\/\/hosterialasquintas.com.mx\/wp-content\/uploads\/2025\/04\/cropped-logo.png\",\"contentUrl\":\"https:\/\/hosterialasquintas.com.mx\/wp-content\/uploads\/2025\/04\/cropped-logo.png\",\"width\":507,\"height\":280,\"caption\":\"Hoster\u00eda Las Quintas Cuernavaca\"},\"image\":{\"@id\":\"https:\/\/hosterialasquintas.com.mx\/#\/schema\/logo\/image\/\"}}]}<\/script>\n<!-- \/ Yoast SEO plugin. -->","yoast_head_json":{"title":"Contacto - Hoster\u00eda Las Quintas Cuernavaca","robots":{"index":"index","follow":"follow","max-snippet":"max-snippet:-1","max-image-preview":"max-image-preview:large","max-video-preview":"max-video-preview:-1"},"canonical":"https:\/\/hosterialasquintas.com.mx\/english\/contacto\/","og_locale":"en_US","og_type":"article","og_title":"Contacto - Hoster\u00eda Las Quintas Cuernavaca","og_description":"Contacto Conectemos para crear juntos Cont\u00e1ctanos para hospedaje, restaurante, convenciones o eventos sociales.\u00a0\u00a0 Formulario de contacto Estamos cerca de ti informaci\u00f3n de cont\u00e1cto Hoster\u00eda Las Quintas Direcci\u00f3n:&nbsp;Boulevard Diaz Ordaz N\u00ba 9 Cantarranas 62448 Cuernavaca Morelos. Tel\u00e9fono: +52 777 362 3949 Email: reservas@hosterialasquintas.com.mx&nbsp;","og_url":"https:\/\/hosterialasquintas.com.mx\/english\/contacto\/","og_site_name":"Hoster\u00eda Las Quintas Cuernavaca","article_modified_time":"2025-09-22T18:02:04+00:00","twitter_card":"summary_large_image","twitter_misc":{"Est. reading time":"1 minute"},"schema":{"@context":"https:\/\/schema.org","@graph":[{"@type":"WebPage","@id":"https:\/\/hosterialasquintas.com.mx\/contacto\/","url":"https:\/\/hosterialasquintas.com.mx\/contacto\/","name":"Contacto - Hoster\u00eda Las Quintas Cuernavaca","isPartOf":{"@id":"https:\/\/hosterialasquintas.com.mx\/#website"},"datePublished":"2025-05-05T20:29:38+00:00","dateModified":"2025-09-22T18:02:04+00:00","breadcrumb":{"@id":"https:\/\/hosterialasquintas.com.mx\/contacto\/#breadcrumb"},"inLanguage":"en-US","potentialAction":[{"@type":"ReadAction","target":["https:\/\/hosterialasquintas.com.mx\/contacto\/"]}]},{"@type":"BreadcrumbList","@id":"https:\/\/hosterialasquintas.com.mx\/contacto\/#breadcrumb","itemListElement":[{"@type":"ListItem","position":1,"name":"Home","item":"https:\/\/hosterialasquintas.com.mx\/"},{"@type":"ListItem","position":2,"name":"Contacto"}]},{"@type":"WebSite","@id":"https:\/\/hosterialasquintas.com.mx\/#website","url":"https:\/\/hosterialasquintas.com.mx\/","name":"Hoster\u00eda Las Quintas Cuernavaca","description":"","publisher":{"@id":"https:\/\/hosterialasquintas.com.mx\/#organization"},"potentialAction":[{"@type":"SearchAction","target":{"@type":"EntryPoint","urlTemplate":"https:\/\/hosterialasquintas.com.mx\/?s={search_term_string}"},"query-input":{"@type":"PropertyValueSpecification","valueRequired":true,"valueName":"search_term_string"}}],"inLanguage":"en-US"},{"@type":"Organization","@id":"https:\/\/hosterialasquintas.com.mx\/#organization","name":"Hoster\u00eda Las Quintas Cuernavaca","url":"https:\/\/hosterialasquintas.com.mx\/","logo":{"@type":"ImageObject","inLanguage":"en-US","@id":"https:\/\/hosterialasquintas.com.mx\/#\/schema\/logo\/image\/","url":"https:\/\/hosterialasquintas.com.mx\/wp-content\/uploads\/2025\/04\/cropped-logo.png","contentUrl":"https:\/\/hosterialasquintas.com.mx\/wp-content\/uploads\/2025\/04\/cropped-logo.png","width":507,"height":280,"caption":"Hoster\u00eda Las Quintas Cuernavaca"},"image":{"@id":"https:\/\/hosterialasquintas.com.mx\/#\/schema\/logo\/image\/"}}]}},"_links":{"self":[{"href":"https:\/\/hosterialasquintas.com.mx\/english\/wp-json\/wp\/v2\/pages\/3639","targetHints":{"allow":["GET"]}}],"collection":[{"href":"https:\/\/hosterialasquintas.com.mx\/english\/wp-json\/wp\/v2\/pages"}],"about":[{"href":"https:\/\/hosterialasquintas.com.mx\/english\/wp-json\/wp\/v2\/types\/page"}],"author":[{"embeddable":true,"href":"https:\/\/hosterialasquintas.com.mx\/english\/wp-json\/wp\/v2\/users\/1"}],"replies":[{"embeddable":true,"href":"https:\/\/hosterialasquintas.com.mx\/english\/wp-json\/wp\/v2\/comments?post=3639"}],"version-history":[{"count":14,"href":"https:\/\/hosterialasquintas.com.mx\/english\/wp-json\/wp\/v2\/pages\/3639\/revisions"}],"predecessor-version":[{"id":4973,"href":"https:\/\/hosterialasquintas.com.mx\/english\/wp-json\/wp\/v2\/pages\/3639\/revisions\/4973"}],"wp:attachment":[{"href":"https:\/\/hosterialasquintas.com.mx\/english\/wp-json\/wp\/v2\/media?parent=3639"}],"curies":[{"name":"wp","href":"https:\/\/api.w.org\/{rel}","templated":true}]}}